{"id":225648,"date":"2021-09-15T13:39:24","date_gmt":"2021-09-15T11:39:24","guid":{"rendered":"https:\/\/www.okineo.be\/?page_id=225648"},"modified":"2025-12-12T09:39:00","modified_gmt":"2025-12-12T08:39:00","slug":"dour","status":"publish","type":"page","link":"https:\/\/www.okineo.be\/index.php\/dour\/","title":{"rendered":"Dour"},"content":{"rendered":"<p>[et_pb_section fb_built=\u00a0\u00bb1&Prime; custom_padding_last_edited=\u00a0\u00bbon|desktop\u00a0\u00bb admin_label=\u00a0\u00bbsection\u00a0\u00bb _builder_version=\u00a0\u00bb4.16&Prime; use_background_color_gradient=\u00a0\u00bbon\u00a0\u00bb background_color_gradient_stops=\u00a0\u00bbrgba(243,145,31,0.4) 0%|rgba(140,127,106,0.76) 100%\u00a0\u00bb background_color_gradient_overlays_image=\u00a0\u00bbon\u00a0\u00bb background_color_gradient_start=\u00a0\u00bbrgba(243,145,31,0.4)\u00a0\u00bb background_color_gradient_end=\u00a0\u00bbrgba(140,127,106,0.76)\u00a0\u00bb background_image=\u00a0\u00bbhttps:\/\/www.okineo.be\/wp-content\/uploads\/2018\/11\/Okin\u00e9o-accueil-orange.jpg\u00a0\u00bb custom_padding_tablet=\u00a0\u00bb50px|0|50px|0&Prime; custom_padding_phone=\u00a0\u00bb\u00a0\u00bb transparent_background=\u00a0\u00bboff\u00a0\u00bb padding_mobile=\u00a0\u00bboff\u00a0\u00bb global_colors_info=\u00a0\u00bb{}\u00a0\u00bb][et_pb_row column_padding_mobile=\u00a0\u00bbon\u00a0\u00bb admin_label=\u00a0\u00bbrow\u00a0\u00bb _builder_version=\u00a0\u00bb4.16&Prime; background_size=\u00a0\u00bbinitial\u00a0\u00bb background_position=\u00a0\u00bbtop_left\u00a0\u00bb background_repeat=\u00a0\u00bbrepeat\u00a0\u00bb custom_padding=\u00a0\u00bb50px||12px||false|false\u00a0\u00bb global_colors_info=\u00a0\u00bb{}\u00a0\u00bb][et_pb_column type=\u00a0\u00bb4_4&Prime; _builder_version=\u00a0\u00bb4.16&Prime; custom_padding=\u00a0\u00bb|||\u00a0\u00bb global_colors_info=\u00a0\u00bb{}\u00a0\u00bb custom_padding__hover=\u00a0\u00bb|||\u00a0\u00bb][et_pb_text admin_label=\u00a0\u00bbHeader &#8211; About Us\u00a0\u00bb _builder_version=\u00a0\u00bb4.16&Prime; text_font=\u00a0\u00bbMontserrat|on||on|\u00a0\u00bb text_text_color=\u00a0\u00bb#ffffff\u00a0\u00bb text_font_size=\u00a0\u00bb50&Prime; background_size=\u00a0\u00bbinitial\u00a0\u00bb background_position=\u00a0\u00bbtop_left\u00a0\u00bb background_repeat=\u00a0\u00bbrepeat\u00a0\u00bb text_orientation=\u00a0\u00bbcenter\u00a0\u00bb module_alignment=\u00a0\u00bbcenter\u00a0\u00bb use_border_color=\u00a0\u00bboff\u00a0\u00bb border_color=\u00a0\u00bb#ffffff\u00a0\u00bb border_style=\u00a0\u00bbsolid\u00a0\u00bb global_colors_info=\u00a0\u00bb{}\u00a0\u00bb]<\/p>\n<p>DOUR<\/p>\n<p>[\/et_pb_text][et_pb_text _builder_version=\u00a0\u00bb4.16&Prime; global_colors_info=\u00a0\u00bb{}\u00a0\u00bb]<\/p>\n<h3 class=\"et_pb_module_header\" style=\"text-align: center;\"><span style=\"color: #ffffff;\">Rue des canadiens 193 \u2022 7370 DOUR<\/span><\/h3>\n<p>[\/et_pb_text][\/et_pb_column][\/et_pb_row][\/et_pb_section][et_pb_section fb_built=\u00a0\u00bb1&Prime; custom_padding_last_edited=\u00a0\u00bbon|desktop\u00a0\u00bb admin_label=\u00a0\u00bbSe\u00e7\u00e3o\u00a0\u00bb module_class=\u00a0\u00bbno-gap\u00a0\u00bb _builder_version=\u00a0\u00bb4.16&Prime; custom_padding_tablet=\u00a0\u00bb50px|0|50px|0&Prime; custom_padding_phone=\u00a0\u00bb\u00a0\u00bb transparent_background=\u00a0\u00bboff\u00a0\u00bb padding_mobile=\u00a0\u00bboff\u00a0\u00bb global_colors_info=\u00a0\u00bb{}\u00a0\u00bb][et_pb_row column_padding_mobile=\u00a0\u00bbon\u00a0\u00bb admin_label=\u00a0\u00bbRow\u00a0\u00bb _builder_version=\u00a0\u00bb4.16&Prime; background_size=\u00a0\u00bbinitial\u00a0\u00bb background_position=\u00a0\u00bbtop_left\u00a0\u00bb background_repeat=\u00a0\u00bbrepeat\u00a0\u00bb custom_padding=\u00a0\u00bb0|0px|15px|0px|false|false\u00a0\u00bb global_colors_info=\u00a0\u00bb{}\u00a0\u00bb][et_pb_column type=\u00a0\u00bb4_4&Prime; _builder_version=\u00a0\u00bb4.16&Prime; custom_padding=\u00a0\u00bb|||\u00a0\u00bb global_colors_info=\u00a0\u00bb{}\u00a0\u00bb custom_padding__hover=\u00a0\u00bb|||\u00a0\u00bb][et_pb_text admin_label=\u00a0\u00bbText\u00a0\u00bb _builder_version=\u00a0\u00bb4.16&Prime; text_font=\u00a0\u00bb|700||on|||||\u00a0\u00bb text_text_color=\u00a0\u00bb#f3911f\u00a0\u00bb text_font_size=\u00a0\u00bb40&Prime; background_size=\u00a0\u00bbinitial\u00a0\u00bb background_position=\u00a0\u00bbtop_left\u00a0\u00bb background_repeat=\u00a0\u00bbrepeat\u00a0\u00bb custom_margin=\u00a0\u00bb0px||0px|\u00a0\u00bb custom_padding=\u00a0\u00bb||10px|\u00a0\u00bb text_font_size_tablet=\u00a0\u00bb35&Prime; text_font_size_phone=\u00a0\u00bb30&Prime; text_font_size_last_edited=\u00a0\u00bbon|phone\u00a0\u00bb use_border_color=\u00a0\u00bboff\u00a0\u00bb border_color=\u00a0\u00bb#ffffff\u00a0\u00bb border_style=\u00a0\u00bbsolid\u00a0\u00bb global_colors_info=\u00a0\u00bb{}\u00a0\u00bb]Nos prestataires<br \/>\n[\/et_pb_text][et_pb_text admin_label=\u00a0\u00bbText\u00a0\u00bb _builder_version=\u00a0\u00bb4.16&Prime; text_font=\u00a0\u00bbRaleway||||\u00a0\u00bb text_text_color=\u00a0\u00bb#444444&Prime; text_font_size=\u00a0\u00bb16&Prime; background_size=\u00a0\u00bbinitial\u00a0\u00bb background_position=\u00a0\u00bbtop_left\u00a0\u00bb background_repeat=\u00a0\u00bbrepeat\u00a0\u00bb custom_margin=\u00a0\u00bb0px|||\u00a0\u00bb use_border_color=\u00a0\u00bboff\u00a0\u00bb border_color=\u00a0\u00bb#ffffff\u00a0\u00bb border_style=\u00a0\u00bbsolid\u00a0\u00bb global_colors_info=\u00a0\u00bb{}\u00a0\u00bb]<span style=\"color: #8c7f6a;\">Nos sp\u00e9cialistes sont \u00e0 votre service<\/span><br \/>\n[\/et_pb_text][\/et_pb_column][\/et_pb_row][et_pb_row _builder_version=\u00a0\u00bb4.16&Prime; custom_padding=\u00a0\u00bb28px|0px|0|0px|false|false\u00a0\u00bb global_colors_info=\u00a0\u00bb{}\u00a0\u00bb][et_pb_column type=\u00a0\u00bb4_4&Prime; _builder_version=\u00a0\u00bb4.16&Prime; custom_padding=\u00a0\u00bb|||\u00a0\u00bb global_colors_info=\u00a0\u00bb{}\u00a0\u00bb custom_padding__hover=\u00a0\u00bb|||\u00a0\u00bb][et_pb_text _builder_version=\u00a0\u00bb4.16&Prime; header_font=\u00a0\u00bb|800|||||||\u00a0\u00bb header_text_color=\u00a0\u00bb#f3911f\u00a0\u00bb header_font_size=\u00a0\u00bb40px\u00a0\u00bb global_colors_info=\u00a0\u00bb{}\u00a0\u00bb]<\/p>\n<h1 style=\"text-align: center;\">Dour<\/h1>\n<p>[\/et_pb_text][\/et_pb_column][\/et_pb_row][et_pb_row column_structure=\u00a0\u00bb1_4,1_4,1_4,1_4&Prime; column_padding_mobile=\u00a0\u00bbon\u00a0\u00bb admin_label=\u00a0\u00bbLinha\u00a0\u00bb _builder_version=\u00a0\u00bb4.19.2&Prime; background_size=\u00a0\u00bbinitial\u00a0\u00bb background_position=\u00a0\u00bbtop_left\u00a0\u00bb background_repeat=\u00a0\u00bbrepeat\u00a0\u00bb width=\u00a0\u00bb89%\u00a0\u00bb width_tablet=\u00a0\u00bb80%\u00a0\u00bb width_phone=\u00a0\u00bb80%\u00a0\u00bb width_last_edited=\u00a0\u00bbon|desktop\u00a0\u00bb max_width=\u00a0\u00bb89%\u00a0\u00bb max_width_tablet=\u00a0\u00bb80%\u00a0\u00bb max_width_phone=\u00a0\u00bb80%\u00a0\u00bb max_width_last_edited=\u00a0\u00bbon|desktop\u00a0\u00bb custom_padding=\u00a0\u00bb85px|0px|36px|0px|false|false\u00a0\u00bb hover_enabled=\u00a0\u00bb0&Prime; make_fullwidth=\u00a0\u00bbon\u00a0\u00bb global_colors_info=\u00a0\u00bb{}\u00a0\u00bb sticky_enabled=\u00a0\u00bb0&Prime;][et_pb_column type=\u00a0\u00bb1_4&Prime; module_class=\u00a0\u00bbblue\u00a0\u00bb _builder_version=\u00a0\u00bb4.16&Prime; custom_padding=\u00a0\u00bb|||\u00a0\u00bb global_colors_info=\u00a0\u00bb{}\u00a0\u00bb custom_padding__hover=\u00a0\u00bb|||\u00a0\u00bb][et_pb_team_member name=\u00a0\u00bbCUVELIER Christophe\u00a0\u00bb icon_color=\u00a0\u00bb#000000&Prime; admin_label=\u00a0\u00bbPerson\u00a0\u00bb _builder_version=\u00a0\u00bb4.19.2&Prime; header_font=\u00a0\u00bb|700|||||||\u00a0\u00bb header_text_color=\u00a0\u00bb#f3911f\u00a0\u00bb header_font_size=\u00a0\u00bb24px\u00a0\u00bb body_font=\u00a0\u00bb||||||||\u00a0\u00bb body_text_color=\u00a0\u00bb#444444&Prime; body_font_size=\u00a0\u00bb15&Prime; background_size=\u00a0\u00bbinitial\u00a0\u00bb background_position=\u00a0\u00bbtop_left\u00a0\u00bb background_repeat=\u00a0\u00bbrepeat\u00a0\u00bb custom_margin=\u00a0\u00bb-21px|||||\u00a0\u00bb custom_padding=\u00a0\u00bb20px|20px|20px|20px|false|false\u00a0\u00bb box_shadow_style=\u00a0\u00bbpreset1&Prime; box_shadow_blur=\u00a0\u00bb15px\u00a0\u00bb box_shadow_spread=\u00a0\u00bb-7px\u00a0\u00bb use_border_color=\u00a0\u00bboff\u00a0\u00bb border_color=\u00a0\u00bb#ffffff\u00a0\u00bb border_style=\u00a0\u00bbsolid\u00a0\u00bb icon_hover_color=\u00a0\u00bb#666666&Prime; global_colors_info=\u00a0\u00bb{}\u00a0\u00bb icon_color__hover=\u00a0\u00bb#666666&Prime; icon_color__hover_enabled=\u00a0\u00bbon\u00a0\u00bb]<\/p>\n<p><strong><em>Chef de service<\/em><br \/>Kin\u00e9sith\u00e9rapeute<\/strong><br \/>0478\/29.74.39<br \/><span style=\"color: #f3911f;\"><a style=\"color: #f3911f;\" href=\"mailto:claire.castelein@okineo.be\">direction@okineo.be<\/a><\/span><\/p>\n<p><span style=\"color: #f3911f;\">Soins \u00e0 domicile OK\u00a0<\/span><\/p>\n<p>[\/et_pb_team_member][\/et_pb_column][et_pb_column type=\u00a0\u00bb1_4&Prime; module_class=\u00a0\u00bbblue\u00a0\u00bb _builder_version=\u00a0\u00bb4.16&Prime; custom_padding=\u00a0\u00bb|||\u00a0\u00bb global_colors_info=\u00a0\u00bb{}\u00a0\u00bb custom_padding__hover=\u00a0\u00bb|||\u00a0\u00bb][et_pb_team_member name=\u00a0\u00bbHUART Ad\u00e9la\u00efde\u00a0\u00bb icon_color=\u00a0\u00bb#000000&Prime; admin_label=\u00a0\u00bbPerson\u00a0\u00bb _builder_version=\u00a0\u00bb4.16&Prime; header_font=\u00a0\u00bb|700|||||||\u00a0\u00bb header_text_color=\u00a0\u00bb#f3911f\u00a0\u00bb header_font_size=\u00a0\u00bb24px\u00a0\u00bb body_font=\u00a0\u00bb||||||||\u00a0\u00bb body_text_color=\u00a0\u00bb#444444&Prime; body_font_size=\u00a0\u00bb15&Prime; background_size=\u00a0\u00bbinitial\u00a0\u00bb background_position=\u00a0\u00bbtop_left\u00a0\u00bb background_repeat=\u00a0\u00bbrepeat\u00a0\u00bb custom_margin=\u00a0\u00bb-21px|||||\u00a0\u00bb custom_padding=\u00a0\u00bb20px|20px|20px|20px|false|false\u00a0\u00bb box_shadow_style=\u00a0\u00bbpreset1&Prime; box_shadow_blur=\u00a0\u00bb15px\u00a0\u00bb box_shadow_spread=\u00a0\u00bb-7px\u00a0\u00bb use_border_color=\u00a0\u00bboff\u00a0\u00bb border_color=\u00a0\u00bb#ffffff\u00a0\u00bb border_style=\u00a0\u00bbsolid\u00a0\u00bb icon_hover_color=\u00a0\u00bb#666666&Prime; global_colors_info=\u00a0\u00bb{}\u00a0\u00bb icon_color__hover=\u00a0\u00bb#666666&Prime; icon_color__hover_enabled=\u00a0\u00bbon\u00a0\u00bb]<\/p>\n<p><strong>Kin\u00e9sith\u00e9rapeute<\/strong><br \/>0478\/57.14.00<br \/><span style=\"color: #f3911f;\"><a href=\"mailto:adelaide.huart@okineo.be\" style=\"color: #f3911f;\">adelaide.huart@okineo.be<\/a><\/span><\/p>\n<p><span style=\"color: #f3911f;\">Soins \u00e0 domicile OK\u00a0<\/span><\/p>\n<p>[\/et_pb_team_member][et_pb_team_member name=\u00a0\u00bbFLAMENT Aur\u00e9lie\u00a0\u00bb icon_color=\u00a0\u00bb#000000&Prime; admin_label=\u00a0\u00bbPerson\u00a0\u00bb _builder_version=\u00a0\u00bb4.16&Prime; header_font=\u00a0\u00bb|700|||||||\u00a0\u00bb header_text_color=\u00a0\u00bb#f3911f\u00a0\u00bb header_font_size=\u00a0\u00bb24px\u00a0\u00bb body_font=\u00a0\u00bb||||||||\u00a0\u00bb body_text_color=\u00a0\u00bb#444444&Prime; body_font_size=\u00a0\u00bb15&Prime; background_size=\u00a0\u00bbinitial\u00a0\u00bb background_position=\u00a0\u00bbtop_left\u00a0\u00bb background_repeat=\u00a0\u00bbrepeat\u00a0\u00bb custom_margin=\u00a0\u00bb-21px|||||\u00a0\u00bb custom_padding=\u00a0\u00bb20px|20px|20px|20px|false|false\u00a0\u00bb box_shadow_style=\u00a0\u00bbpreset1&Prime; box_shadow_blur=\u00a0\u00bb15px\u00a0\u00bb box_shadow_spread=\u00a0\u00bb-7px\u00a0\u00bb use_border_color=\u00a0\u00bboff\u00a0\u00bb border_color=\u00a0\u00bb#ffffff\u00a0\u00bb border_style=\u00a0\u00bbsolid\u00a0\u00bb icon_hover_color=\u00a0\u00bb#666666&Prime; global_colors_info=\u00a0\u00bb{}\u00a0\u00bb icon_color__hover=\u00a0\u00bb#666666&Prime; icon_color__hover_enabled=\u00a0\u00bbon\u00a0\u00bb]<\/p>\n<p><strong>Infirmi\u00e8re<\/strong><br \/><span style=\"color: #0a0002;\"><a data-dtype=\"d3ph\" data-local-attribute=\"d3ph\" jscontroller=\"LWZElb\" href=\"https:\/\/www.google.com\/search?q=flament+aurelie&amp;oq=flament+aurelie+&amp;gs_lcrp=EgZjaHJvbWUyBggAEEUYOTIICAEQABgNGB4yCAgCEAAYFhgeMggIAxAAGBYYHjIICAQQABgWGB4yCggFEAAYBRgNGB4yCggGEAAYgAQYogQyCggHEAAYgAQYogTSAQgyNzIyajBqN6gCCLACAfEFd4mEvagEvaLxBXeJhL2oBL2i&amp;sourceid=chrome&amp;ie=UTF-8#\" jsdata=\"QKGTRc;_;_9M7ab-KLsmhi-gPm_eOoQU36\" jsaction=\"rcuQ6b:npT2md;F75qrd\" data-ved=\"2ahUKEwj_heW80reRAxXJ0AIHHZu7I1QQkAgoAHoECDcQAw\" style=\"color: #0a0002;\"><span aria-label=\"Appeler le 065 47 25 71\">065\/47.25.71<\/span><\/a><\/span><br \/><a href=\"mailto:adelaide.huart@okineo.be\"><span style=\"color: #333333;\"><span data-sheets-root=\"1\" data-sheets-chipruns=\"{&quot;1&quot;:0,&quot;2&quot;:{&quot;1&quot;:{&quot;1&quot;:&quot;aurelieflament0994@hotmail.com&quot;,&quot;2&quot;:3}}}\"><\/span><\/span><\/a><a class=\"in-cell-link\" target=\"_blank\" href=\"mailto:aurelieflament0994@hotmail.com\" rel=\"noopener\">aurelieflament0994@hotmail.com<\/a><\/p>\n<p><span style=\"color: #f3911f;\">Soins \u00e0 domicile OK\u00a0<\/span><\/p>\n<p>[\/et_pb_team_member][\/et_pb_column][et_pb_column type=\u00a0\u00bb1_4&Prime; module_class=\u00a0\u00bbblue\u00a0\u00bb _builder_version=\u00a0\u00bb4.16&Prime; custom_padding=\u00a0\u00bb|||\u00a0\u00bb global_colors_info=\u00a0\u00bb{}\u00a0\u00bb custom_padding__hover=\u00a0\u00bb|||\u00a0\u00bb][et_pb_team_member name=\u00a0\u00bbMUBU Pauline\u00a0\u00bb icon_color=\u00a0\u00bb#000000&Prime; admin_label=\u00a0\u00bbPerson\u00a0\u00bb _builder_version=\u00a0\u00bb4.19.2&Prime; header_font=\u00a0\u00bb|700|||||||\u00a0\u00bb header_text_color=\u00a0\u00bb#f3911f\u00a0\u00bb header_font_size=\u00a0\u00bb24px\u00a0\u00bb body_font=\u00a0\u00bb||||||||\u00a0\u00bb body_text_color=\u00a0\u00bb#444444&Prime; body_font_size=\u00a0\u00bb15&Prime; background_size=\u00a0\u00bbinitial\u00a0\u00bb background_position=\u00a0\u00bbtop_left\u00a0\u00bb background_repeat=\u00a0\u00bbrepeat\u00a0\u00bb custom_margin=\u00a0\u00bb-21px|||||\u00a0\u00bb custom_padding=\u00a0\u00bb20px|20px|20px|20px|false|false\u00a0\u00bb box_shadow_style=\u00a0\u00bbpreset1&Prime; box_shadow_blur=\u00a0\u00bb15px\u00a0\u00bb box_shadow_spread=\u00a0\u00bb-7px\u00a0\u00bb use_border_color=\u00a0\u00bboff\u00a0\u00bb border_color=\u00a0\u00bb#ffffff\u00a0\u00bb border_style=\u00a0\u00bbsolid\u00a0\u00bb icon_hover_color=\u00a0\u00bb#666666&Prime; global_colors_info=\u00a0\u00bb{}\u00a0\u00bb icon_color__hover=\u00a0\u00bb#666666&Prime; icon_color__hover_enabled=\u00a0\u00bbon\u00a0\u00bb]<\/p>\n<p><strong>K<span>in\u00e9sith\u00e9rapeute<\/span><\/strong><br \/><span>0471\/92.16 .51<\/span><br \/><a href=\"mailto:pauline.mubu@okineo.be\" target=\"_blank\" rel=\"noopener\">pauline.mubu@okineo.be<\/a><\/p>\n<p><span style=\"color: #f3911f;\">Soins \u00e0 domicile OK\u00a0<\/span><\/p>\n<p>[\/et_pb_team_member][et_pb_team_member name=\u00a0\u00bbSCHOOFS Berangere \u00a0\u00bb icon_color=\u00a0\u00bb#000000&Prime; admin_label=\u00a0\u00bbPerson\u00a0\u00bb _builder_version=\u00a0\u00bb4.19.2&Prime; header_font=\u00a0\u00bb|700|||||||\u00a0\u00bb header_text_color=\u00a0\u00bb#f3911f\u00a0\u00bb header_font_size=\u00a0\u00bb24px\u00a0\u00bb body_font=\u00a0\u00bb||||||||\u00a0\u00bb body_text_color=\u00a0\u00bb#444444&Prime; body_font_size=\u00a0\u00bb15&Prime; background_size=\u00a0\u00bbinitial\u00a0\u00bb background_position=\u00a0\u00bbtop_left\u00a0\u00bb background_repeat=\u00a0\u00bbrepeat\u00a0\u00bb custom_margin=\u00a0\u00bb-21px|||||\u00a0\u00bb custom_padding=\u00a0\u00bb20px|20px|20px|20px|false|false\u00a0\u00bb box_shadow_style=\u00a0\u00bbpreset1&Prime; box_shadow_blur=\u00a0\u00bb15px\u00a0\u00bb box_shadow_spread=\u00a0\u00bb-7px\u00a0\u00bb use_border_color=\u00a0\u00bboff\u00a0\u00bb border_color=\u00a0\u00bb#ffffff\u00a0\u00bb border_style=\u00a0\u00bbsolid\u00a0\u00bb icon_hover_color=\u00a0\u00bb#666666&Prime; global_colors_info=\u00a0\u00bb{}\u00a0\u00bb icon_color__hover=\u00a0\u00bb#666666&Prime; icon_color__hover_enabled=\u00a0\u00bbon\u00a0\u00bb]<\/p>\n<p><strong>K<span>in\u00e9sith\u00e9rapeute<br \/>0470\/48.11.96<br \/><\/span><\/strong><span data-sheets-root=\"1\" data-sheets-chipruns=\"{&quot;1&quot;:0,&quot;2&quot;:{&quot;1&quot;:{&quot;1&quot;:&quot;berangere.schoofs@okineo.be&quot;,&quot;2&quot;:3}}}\"><a class=\"in-cell-link\" target=\"_blank\" href=\"mailto:berangere.schoofs@okineo.be\" rel=\"noopener\">berangere.schoofs@okineo.be<\/a><\/span><\/p>\n<p><span style=\"color: #f3911f;\">Soins \u00e0 domicile OK\u00a0<\/span><\/p>\n<p>[\/et_pb_team_member][\/et_pb_column][et_pb_column type=\u00a0\u00bb1_4&Prime; module_class=\u00a0\u00bbblue\u00a0\u00bb _builder_version=\u00a0\u00bb4.16&Prime; custom_padding=\u00a0\u00bb|||\u00a0\u00bb global_colors_info=\u00a0\u00bb{}\u00a0\u00bb custom_padding__hover=\u00a0\u00bb|||\u00a0\u00bb][et_pb_team_member name=\u00a0\u00bbWINKOWSKI Ana\u00efs\u00a0\u00bb icon_color=\u00a0\u00bb#000000&Prime; admin_label=\u00a0\u00bbPerson\u00a0\u00bb _builder_version=\u00a0\u00bb4.19.2&Prime; header_font=\u00a0\u00bb|700|||||||\u00a0\u00bb header_text_color=\u00a0\u00bb#f3911f\u00a0\u00bb header_font_size=\u00a0\u00bb24px\u00a0\u00bb body_font=\u00a0\u00bb||||||||\u00a0\u00bb body_text_color=\u00a0\u00bb#444444&Prime; body_font_size=\u00a0\u00bb15&Prime; background_size=\u00a0\u00bbinitial\u00a0\u00bb background_position=\u00a0\u00bbtop_left\u00a0\u00bb background_repeat=\u00a0\u00bbrepeat\u00a0\u00bb custom_margin=\u00a0\u00bb-21px|||||\u00a0\u00bb custom_padding=\u00a0\u00bb20px|20px|20px|20px|false|false\u00a0\u00bb box_shadow_style=\u00a0\u00bbpreset1&Prime; box_shadow_blur=\u00a0\u00bb15px\u00a0\u00bb box_shadow_spread=\u00a0\u00bb-7px\u00a0\u00bb use_border_color=\u00a0\u00bboff\u00a0\u00bb border_color=\u00a0\u00bb#ffffff\u00a0\u00bb border_style=\u00a0\u00bbsolid\u00a0\u00bb icon_hover_color=\u00a0\u00bb#666666&Prime; global_colors_info=\u00a0\u00bb{}\u00a0\u00bb icon_color__hover=\u00a0\u00bb#666666&Prime; icon_color__hover_enabled=\u00a0\u00bbon\u00a0\u00bb]<\/p>\n<p><strong>Kin\u00e9sith\u00e9rapeute<\/strong><br \/>0471\/51.28.37<br \/><a href=\"mailto:anais.winkowski@okineo.be\">anais.winkowski@okineo.be<\/a><\/p>\n<p><span style=\"color: #f3911f;\">Soins \u00e0 domicile OK\u00a0<\/span><\/p>\n<p>[\/et_pb_team_member][\/et_pb_column][\/et_pb_row][\/et_pb_section]<\/p>\n","protected":false},"excerpt":{"rendered":"<p>DOURRue des canadiens 193 \u2022 7370 DOURNos prestataires Nos sp\u00e9cialistes sont \u00e0 votre service DourChef de serviceKin\u00e9sith\u00e9rapeute0478\/29.74.39direction@okineo.be Soins \u00e0 domicile OK\u00a0Kin\u00e9sith\u00e9rapeute0478\/57.14.00adelaide.huart@okineo.be Soins \u00e0 domicile OK\u00a0Infirmi\u00e8re065\/47.25.71aurelieflament0994@hotmail.com Soins \u00e0 domicile OK\u00a0Kin\u00e9sith\u00e9rapeute0471\/92.16 .51pauline.mubu@okineo.be Soins \u00e0 domicile OK\u00a0Kin\u00e9sith\u00e9rapeute0470\/48.11.96berangere.schoofs@okineo.be Soins \u00e0 domicile OK\u00a0Kin\u00e9sith\u00e9rapeute0471\/51.28.37anais.winkowski@okineo.be Soins \u00e0 domicile OK\u00a0<\/p>\n","protected":false},"author":3,"featured_media":0,"parent":0,"menu_order":0,"comment_status":"closed","ping_status":"closed","template":"","meta":{"_et_pb_use_builder":"on","_et_pb_old_content":"","_et_gb_content_width":"","footnotes":""},"class_list":["post-225648","page","type-page","status-publish","hentry"],"yoast_head":"<!-- This site is optimized with the Yoast SEO plugin v27.5 - https:\/\/yoast.com\/product\/yoast-seo-wordpress\/ -->\n<title>Dour - Okineo<\/title>\n<meta name=\"robots\" content=\"index, follow, max-snippet:-1, max-image-preview:large, max-video-preview:-1\" \/>\n<link rel=\"canonical\" href=\"https:\/\/www.okineo.be\/index.php\/dour\/\" \/>\n<meta property=\"og:locale\" content=\"fr_FR\" \/>\n<meta property=\"og:type\" content=\"article\" \/>\n<meta property=\"og:title\" content=\"Dour - Okineo\" \/>\n<meta property=\"og:description\" content=\"DOURRue des canadiens 193 \u2022 7370 DOURNos prestataires Nos sp\u00e9cialistes sont \u00e0 votre service DourChef de serviceKin\u00e9sith\u00e9rapeute0478\/29.74.39direction@okineo.be Soins \u00e0 domicile OK\u00a0Kin\u00e9sith\u00e9rapeute0478\/57.14.00adelaide.huart@okineo.be Soins \u00e0 domicile OK\u00a0Infirmi\u00e8re065\/47.25.71aurelieflament0994@hotmail.com Soins \u00e0 domicile OK\u00a0Kin\u00e9sith\u00e9rapeute0471\/92.16 .51pauline.mubu@okineo.be Soins \u00e0 domicile OK\u00a0Kin\u00e9sith\u00e9rapeute0470\/48.11.96berangere.schoofs@okineo.be Soins \u00e0 domicile OK\u00a0Kin\u00e9sith\u00e9rapeute0471\/51.28.37anais.winkowski@okineo.be Soins \u00e0 domicile OK\u00a0\" \/>\n<meta property=\"og:url\" content=\"https:\/\/www.okineo.be\/index.php\/dour\/\" \/>\n<meta property=\"og:site_name\" content=\"Okineo\" \/>\n<meta property=\"article:publisher\" content=\"https:\/\/www.facebook.com\/Okineo.be\/\" \/>\n<meta property=\"article:modified_time\" content=\"2025-12-12T08:39:00+00:00\" \/>\n<meta name=\"twitter:card\" content=\"summary_large_image\" \/>\n<meta name=\"twitter:label1\" content=\"Dur\u00e9e de lecture estim\u00e9e\" \/>\n\t<meta name=\"twitter:data1\" content=\"1 minute\" \/>\n<script type=\"application\/ld+json\" class=\"yoast-schema-graph\">{\"@context\":\"https:\\\/\\\/schema.org\",\"@graph\":[{\"@type\":\"WebPage\",\"@id\":\"https:\\\/\\\/www.okineo.be\\\/index.php\\\/dour\\\/\",\"url\":\"https:\\\/\\\/www.okineo.be\\\/index.php\\\/dour\\\/\",\"name\":\"Dour - Okineo\",\"isPartOf\":{\"@id\":\"https:\\\/\\\/www.okineo.be\\\/#website\"},\"datePublished\":\"2021-09-15T11:39:24+00:00\",\"dateModified\":\"2025-12-12T08:39:00+00:00\",\"breadcrumb\":{\"@id\":\"https:\\\/\\\/www.okineo.be\\\/index.php\\\/dour\\\/#breadcrumb\"},\"inLanguage\":\"fr-FR\",\"potentialAction\":[{\"@type\":\"ReadAction\",\"target\":[\"https:\\\/\\\/www.okineo.be\\\/index.php\\\/dour\\\/\"]}]},{\"@type\":\"BreadcrumbList\",\"@id\":\"https:\\\/\\\/www.okineo.be\\\/index.php\\\/dour\\\/#breadcrumb\",\"itemListElement\":[{\"@type\":\"ListItem\",\"position\":1,\"name\":\"Accueil\",\"item\":\"https:\\\/\\\/www.okineo.be\\\/\"},{\"@type\":\"ListItem\",\"position\":2,\"name\":\"Dour\"}]},{\"@type\":\"WebSite\",\"@id\":\"https:\\\/\\\/www.okineo.be\\\/#website\",\"url\":\"https:\\\/\\\/www.okineo.be\\\/\",\"name\":\"Okineo\",\"description\":\"Votre partenaire sant\u00e9\",\"potentialAction\":[{\"@type\":\"SearchAction\",\"target\":{\"@type\":\"EntryPoint\",\"urlTemplate\":\"https:\\\/\\\/www.okineo.be\\\/?s={search_term_string}\"},\"query-input\":{\"@type\":\"PropertyValueSpecification\",\"valueRequired\":true,\"valueName\":\"search_term_string\"}}],\"inLanguage\":\"fr-FR\"}]}<\/script>\n<!-- \/ Yoast SEO plugin. -->","yoast_head_json":{"title":"Dour - Okineo","robots":{"index":"index","follow":"follow","max-snippet":"max-snippet:-1","max-image-preview":"max-image-preview:large","max-video-preview":"max-video-preview:-1"},"canonical":"https:\/\/www.okineo.be\/index.php\/dour\/","og_locale":"fr_FR","og_type":"article","og_title":"Dour - Okineo","og_description":"DOURRue des canadiens 193 \u2022 7370 DOURNos prestataires Nos sp\u00e9cialistes sont \u00e0 votre service DourChef de serviceKin\u00e9sith\u00e9rapeute0478\/29.74.39direction@okineo.be Soins \u00e0 domicile OK\u00a0Kin\u00e9sith\u00e9rapeute0478\/57.14.00adelaide.huart@okineo.be Soins \u00e0 domicile OK\u00a0Infirmi\u00e8re065\/47.25.71aurelieflament0994@hotmail.com Soins \u00e0 domicile OK\u00a0Kin\u00e9sith\u00e9rapeute0471\/92.16 .51pauline.mubu@okineo.be Soins \u00e0 domicile OK\u00a0Kin\u00e9sith\u00e9rapeute0470\/48.11.96berangere.schoofs@okineo.be Soins \u00e0 domicile OK\u00a0Kin\u00e9sith\u00e9rapeute0471\/51.28.37anais.winkowski@okineo.be Soins \u00e0 domicile OK\u00a0","og_url":"https:\/\/www.okineo.be\/index.php\/dour\/","og_site_name":"Okineo","article_publisher":"https:\/\/www.facebook.com\/Okineo.be\/","article_modified_time":"2025-12-12T08:39:00+00:00","twitter_card":"summary_large_image","twitter_misc":{"Dur\u00e9e de lecture estim\u00e9e":"1 minute"},"schema":{"@context":"https:\/\/schema.org","@graph":[{"@type":"WebPage","@id":"https:\/\/www.okineo.be\/index.php\/dour\/","url":"https:\/\/www.okineo.be\/index.php\/dour\/","name":"Dour - Okineo","isPartOf":{"@id":"https:\/\/www.okineo.be\/#website"},"datePublished":"2021-09-15T11:39:24+00:00","dateModified":"2025-12-12T08:39:00+00:00","breadcrumb":{"@id":"https:\/\/www.okineo.be\/index.php\/dour\/#breadcrumb"},"inLanguage":"fr-FR","potentialAction":[{"@type":"ReadAction","target":["https:\/\/www.okineo.be\/index.php\/dour\/"]}]},{"@type":"BreadcrumbList","@id":"https:\/\/www.okineo.be\/index.php\/dour\/#breadcrumb","itemListElement":[{"@type":"ListItem","position":1,"name":"Accueil","item":"https:\/\/www.okineo.be\/"},{"@type":"ListItem","position":2,"name":"Dour"}]},{"@type":"WebSite","@id":"https:\/\/www.okineo.be\/#website","url":"https:\/\/www.okineo.be\/","name":"Okineo","description":"Votre partenaire sant\u00e9","potentialAction":[{"@type":"SearchAction","target":{"@type":"EntryPoint","urlTemplate":"https:\/\/www.okineo.be\/?s={search_term_string}"},"query-input":{"@type":"PropertyValueSpecification","valueRequired":true,"valueName":"search_term_string"}}],"inLanguage":"fr-FR"}]}},"_links":{"self":[{"href":"https:\/\/www.okineo.be\/index.php\/wp-json\/wp\/v2\/pages\/225648","targetHints":{"allow":["GET"]}}],"collection":[{"href":"https:\/\/www.okineo.be\/index.php\/wp-json\/wp\/v2\/pages"}],"about":[{"href":"https:\/\/www.okineo.be\/index.php\/wp-json\/wp\/v2\/types\/page"}],"author":[{"embeddable":true,"href":"https:\/\/www.okineo.be\/index.php\/wp-json\/wp\/v2\/users\/3"}],"replies":[{"embeddable":true,"href":"https:\/\/www.okineo.be\/index.php\/wp-json\/wp\/v2\/comments?post=225648"}],"version-history":[{"count":17,"href":"https:\/\/www.okineo.be\/index.php\/wp-json\/wp\/v2\/pages\/225648\/revisions"}],"predecessor-version":[{"id":225942,"href":"https:\/\/www.okineo.be\/index.php\/wp-json\/wp\/v2\/pages\/225648\/revisions\/225942"}],"wp:attachment":[{"href":"https:\/\/www.okineo.be\/index.php\/wp-json\/wp\/v2\/media?parent=225648"}],"curies":[{"name":"wp","href":"https:\/\/api.w.org\/{rel}","templated":true}]}}